{"id":1600,"date":"2016-04-26T16:58:47","date_gmt":"2016-04-26T14:58:47","guid":{"rendered":"http:\/\/v5.dorfgoe.de\/?page_id=1600"},"modified":"2026-01-22T22:22:49","modified_gmt":"2026-01-22T21:22:49","slug":"information-ueber-das-wohnheim","status":"publish","type":"page","link":"https:\/\/dorfgoe.de\/en\/information-ueber-das-wohnheim\/","title":{"rendered":"Information about the dormitory"},"content":{"rendered":"<p>&nbsp;<\/p>\n<ul>\n<li>The student village was built in 1961\/1962 and is located on a hillside surrounded by greenery. Nevertheless, the city center, campus, and train station can be reached within 10 minutes by bike.<\/li>\n<li>From 1999 to 2002, the four high-rise buildings (buildings 10, 20, 30, and 40) underwent extensive renovation and were converted into apartment buildings.<\/li>\n<li>The residential complex has 32 small houses and four high-rise buildings.<\/li>\n<li>The village currently offers affordable accommodation to 491 students, making it one of the largest student residences in G\u00f6ttingen.<\/li>\n<li>The living space is divided into 357 single rooms (only in the small houses), 119 single apartments with private bathrooms and shared kitchens (only in the high-rise buildings), four single apartments with private bathrooms and kitchens (only in House 40), four double apartments (only in the high-rise buildings), and one apartment for groups of three (in the communal house).<\/li>\n<li>Right next door is the sports institute with a fitness center, climbing facility, golf course, and several sports fields for soccer, basketball, etc.<\/li>\n<li>The student village is largely <a title=\"Self-Administration\" href=\"https:\/\/dorfgoe.de\/en\/selbstverwaltung\/\">self-administrated<\/a>.<\/li>\n<\/ul>\n<p>Administraion (Wohnheimverwaltung) (at House 32, see <a href=\"https:\/\/dorfgoe.de\/wp-content\/uploads\/2016\/12\/dorfplan.png\">Village Map<\/a>):<br \/>\nPlease arrange an appointment beforehand via telephone or email:<\/p>\n<p>Dormitory Administration (Wohnheimverwaltung):<br \/>\nTel.: <a href=\"tel:+495513935171\">0551\/3935171<\/a> or <a href=\"tel:+495513935172\">0551\/3935172<\/a><br \/>\nEmail: <a href=\"mailto:wvdorf@studentenwerk-goettingen.de\">wvdorf@studentenwerk-goettingen.de<\/a><\/p>\n<p>Laundry Administration (W\u00e4scheverwaltung):<br \/>\nTel.: <a href=\"tel:+495513935175\">0551\/3935175<\/a><br \/>\nEmail: <a href=\"mailto:joanna.kohnke@studentenwerk-goettingen.de\">joanna.kohnke@studentenwerk-goettingen.de<\/a><\/p>\n<p>(also look at <a href=\"https:\/\/www.studentenwerk-goettingen.de\/studentisches-wohnen\" target=\"_blank\" rel=\"noopener\">https:\/\/www.studentenwerk-goettingen.de\/studentisches-wohnen<\/a>)<\/p>","protected":false},"excerpt":{"rendered":"<p>&nbsp; Das Studentendorf wurde in den Jahren 1961\/1962 erbaut und liegt in Hanglage mitten im Gr\u00fcnen. Trotzdem lassen sich Innenstadt, Campus und Bahnhof innerhalb von 10 Minuten mit dem Fahrrad erreichen. Von 1999 bis 2002 wurden die vier Hochh\u00e4user (Haus 10, 20, 30, 40) aufw\u00e4ndig saniert und zu Appartementh\u00e4usern umgebaut. Das Wohnheim hat 32 kleine [&hellip;]<\/p>","protected":false},"author":5,"featured_media":0,"parent":0,"menu_order":0,"comment_status":"closed","ping_status":"closed","template":"","meta":{"footnotes":"","_links_to":"","_links_to_target":""},"class_list":["post-1600","page","type-page","status-publish","hentry"],"_links":{"self":[{"href":"https:\/\/dorfgoe.de\/en\/wp-json\/wp\/v2\/pages\/1600","targetHints":{"allow":["GET"]}}],"collection":[{"href":"https:\/\/dorfgoe.de\/en\/wp-json\/wp\/v2\/pages"}],"about":[{"href":"https:\/\/dorfgoe.de\/en\/wp-json\/wp\/v2\/types\/page"}],"author":[{"embeddable":true,"href":"https:\/\/dorfgoe.de\/en\/wp-json\/wp\/v2\/users\/5"}],"replies":[{"embeddable":true,"href":"https:\/\/dorfgoe.de\/en\/wp-json\/wp\/v2\/comments?post=1600"}],"version-history":[{"count":7,"href":"https:\/\/dorfgoe.de\/en\/wp-json\/wp\/v2\/pages\/1600\/revisions"}],"predecessor-version":[{"id":2993,"href":"https:\/\/dorfgoe.de\/en\/wp-json\/wp\/v2\/pages\/1600\/revisions\/2993"}],"wp:attachment":[{"href":"https:\/\/dorfgoe.de\/en\/wp-json\/wp\/v2\/media?parent=1600"}],"curies":[{"name":"wp","href":"https:\/\/api.w.org\/{rel}","templated":true}]}}