{"id":1606,"date":"2016-04-26T17:23:00","date_gmt":"2016-04-26T15:23:00","guid":{"rendered":"http:\/\/v5.dorfgoe.de\/?page_id=1606"},"modified":"2026-01-22T22:32:50","modified_gmt":"2026-01-22T21:32:50","slug":"selbstverwaltung","status":"publish","type":"page","link":"https:\/\/dorfgoe.de\/en\/selbstverwaltung\/","title":{"rendered":"Self-Administration"},"content":{"rendered":"<p>Hallo Dorfbewohner!<br \/>\nWir sind die Selbstverwaltung (SV) des Studentendorfes. Du fragst dich bestimmt, was das hei\u00dft.<br \/>\nDu musst wissen, dass jedes Studentenwohnheim in G\u00f6ttingen eine Art von Verwaltung hat, die sich aus Studenten zusammensetzt, die in dem entsprechenden Wohnheim wohnen und sich nebenher freiwillig f\u00fcr das Wohnheim und seine Bewohner engagieren. Im Falle des Studentendorfes sind das wir. Das hei\u00dft, dass wir Studenten sind, wie du bestimmt auch.<br \/>\nOrganisatorisch teilen wir uns in unterschiedliche Tutorien auf, die sich mit unterschiedlichen Aufgabenfeldern besch\u00e4ftigen. An unserer Spitze stehen die <a href=\"https:\/\/dorfgoe.de\/en\/buergermeister\/\">Village Mayors<\/a>, welche die Heimsprecher des Dorfes sind. Sie sind unser direkter Draht zum Studentenwerk. Jedes unserer Tutorien hat eine eigene Seite auf dieser Website, auf der es sich vorstellt, aber auch erkl\u00e4rt, wie du dich in die SV des Studentendorfes selbst einbringen kannst. Wir suchen immer neue Leute, die sich engagieren m\u00f6chten. Als Anreiz gibt es auch f\u00fcr viele \u00c4mter in der SV mehr Wohnzeit im Studentendorf sowie eine kleine finanzielle Aufwandsentsch\u00e4digung. N\u00e4heres dazu findest du auf den Seiten der einzelnen Tutorien.<br \/>\nFalls du Fragen zum Wohnheim hast oder Hilfe brauchst, dann hab keine Angst, <a href=\"https:\/\/dorfgoe.de\/en\/e-mail-adressen-der-tutorien\/\">uns zu kontaktieren<\/a>. Wir helfen immer gerne weiter. Au\u00dferdem bieten wir allen Bewohnern im Studentendorf eine Menge toller Sachen an, wie z. B. Filmabende, Fahrradreparaturen oder gr\u00f6\u00dfere Partys. <\/p>","protected":false},"excerpt":{"rendered":"<p>Hallo Dorfbewohner! Wir sind die Selbstverwaltung (SV) des Studentendorfes. Du fragst dich bestimmt, was das hei\u00dft. Du musst wissen, dass jedes Studentenwohnheim in G\u00f6ttingen eine Art von Verwaltung hat, die sich aus Studenten zusammensetzt, die in dem entsprechenden Wohnheim wohnen und sich nebenher freiwillig f\u00fcr das Wohnheim und seine Bewohner engagieren. Im Falle des Studentendorfes [&hellip;]<\/p>","protected":false},"author":5,"featured_media":0,"parent":0,"menu_order":0,"comment_status":"closed","ping_status":"closed","template":"","meta":{"footnotes":"","_links_to":"","_links_to_target":""},"class_list":["post-1606","page","type-page","status-publish","hentry"],"_links":{"self":[{"href":"https:\/\/dorfgoe.de\/en\/wp-json\/wp\/v2\/pages\/1606","targetHints":{"allow":["GET"]}}],"collection":[{"href":"https:\/\/dorfgoe.de\/en\/wp-json\/wp\/v2\/pages"}],"about":[{"href":"https:\/\/dorfgoe.de\/en\/wp-json\/wp\/v2\/types\/page"}],"author":[{"embeddable":true,"href":"https:\/\/dorfgoe.de\/en\/wp-json\/wp\/v2\/users\/5"}],"replies":[{"embeddable":true,"href":"https:\/\/dorfgoe.de\/en\/wp-json\/wp\/v2\/comments?post=1606"}],"version-history":[{"count":5,"href":"https:\/\/dorfgoe.de\/en\/wp-json\/wp\/v2\/pages\/1606\/revisions"}],"predecessor-version":[{"id":2996,"href":"https:\/\/dorfgoe.de\/en\/wp-json\/wp\/v2\/pages\/1606\/revisions\/2996"}],"wp:attachment":[{"href":"https:\/\/dorfgoe.de\/en\/wp-json\/wp\/v2\/media?parent=1606"}],"curies":[{"name":"wp","href":"https:\/\/api.w.org\/{rel}","templated":true}]}}