{"id":1784,"date":"2017-11-06T18:39:48","date_gmt":"2017-11-06T17:39:48","guid":{"rendered":"https:\/\/dorfgoe.de\/?page_id=1784"},"modified":"2024-01-25T15:19:38","modified_gmt":"2024-01-25T14:19:38","slug":"werkzeugtutorium","status":"publish","type":"page","link":"https:\/\/dorfgoe.de\/en\/werkzeugtutorium\/","title":{"rendered":"Tool Tutorial"},"content":{"rendered":"<p>Werkzeug Telegram-Gruppe:<\/p>\n<p><a href=\"https:\/\/dorfgoe.de\/wp-content\/uploads\/2024\/01\/photo_2024-01-22_20-06-43.jpg\"><img loading=\"lazy\" decoding=\"async\" class=\"alignnone size-thumbnail wp-image-2709\" src=\"https:\/\/dorfgoe.de\/wp-content\/uploads\/2024\/01\/photo_2024-01-22_20-06-43-150x150.jpg\" alt=\"\" width=\"150\" height=\"150\" srcset=\"https:\/\/dorfgoe.de\/wp-content\/uploads\/2024\/01\/photo_2024-01-22_20-06-43-150x150.jpg 150w, https:\/\/dorfgoe.de\/wp-content\/uploads\/2024\/01\/photo_2024-01-22_20-06-43-300x300.jpg 300w, https:\/\/dorfgoe.de\/wp-content\/uploads\/2024\/01\/photo_2024-01-22_20-06-43-1024x1024.jpg 1024w, https:\/\/dorfgoe.de\/wp-content\/uploads\/2024\/01\/photo_2024-01-22_20-06-43-768x768.jpg 768w, https:\/\/dorfgoe.de\/wp-content\/uploads\/2024\/01\/photo_2024-01-22_20-06-43.jpg 1184w\" sizes=\"auto, (max-width: 150px) 100vw, 150px\" \/><\/a><\/p>\n<p>Hier k\u00f6nnt ihr euch Werkzeuge ausleihen und einen Schl\u00fcssel f\u00fcr den Fahrradschuppen beantragen.<\/p>\n<p>Die Besuchszeiten entfallen bis auf Weiteres. Stattdessen k\u00f6nnt ihr per Email individuell Termine unter werkzeug@dorfgoe.de vereinbaren oder direkt \u00fcber den obrigen QR-Code uns per Telegram direkt anschreiben.<\/p>\n<p>Here you can rent tools of all kind and request a key for the bicycle shed.<\/p>\n<p>There are no longer visiting times. Instead individual appointments and Requests can be made at werkzeug@dorfgoe.de or send us a direct message via the upper QR-Code on Telegram.<\/p>\n\n<table id=\"tablepress-7\" class=\"tablepress tablepress-id-7\">\n<thead>\n<tr class=\"row-1\">\n\t<td class=\"column-1\"><\/td><td class=\"column-2\"><\/td><td class=\"column-3\"><\/td><td class=\"column-4\"><\/td><td class=\"column-5\"><\/td>\n<\/tr>\n<\/thead>\n<tbody class=\"row-striping row-hover\">\n<tr class=\"row-2\">\n\t<td class=\"column-1\">-3 Metalls\u00e4gen<\/td><td class=\"column-2\"><\/td><td class=\"column-3\"><\/td><td class=\"column-4\"><\/td><td class=\"column-5\"><\/td>\n<\/tr>\n<tr class=\"row-3\">\n\t<td class=\"column-1\">-2 Schraubzwingen <br \/>\n<\/td><td class=\"column-2\"><\/td><td class=\"column-3\"><\/td><td class=\"column-4\"><\/td><td class=\"column-5\"><\/td>\n<\/tr>\n<tr class=\"row-4\">\n\t<td class=\"column-1\">-1 Fuchsschwanz<\/td><td class=\"column-2\"><\/td><td class=\"column-3\"><\/td><td class=\"column-4\"><\/td><td class=\"column-5\"><\/td>\n<\/tr>\n<tr class=\"row-5\">\n\t<td class=\"column-1\">-1 Japans\u00e4ge<\/td><td class=\"column-2\"><\/td><td class=\"column-3\"><\/td><td class=\"column-4\"><\/td><td class=\"column-5\"><\/td>\n<\/tr>\n<tr class=\"row-6\">\n\t<td class=\"column-1\">3 Schlagbohrer <br \/>\nGSB 19-2 RE (850 Watt)<br \/>\nPSB 650 RA (650 Watt)<br \/>\nSKIL (550 Watt)<\/td><td class=\"column-2\"><\/td><td class=\"column-3\"><\/td><td class=\"column-4\"><\/td><td class=\"column-5\"><\/td>\n<\/tr>\n<tr class=\"row-7\">\n\t<td class=\"column-1\">4 Akkubohrer <br \/>\n-ABS 1680 (16,8 V) --POW306102DE (18 V) <br \/>\n-POW306102DE (18 V) <br \/>\n-in Benutzung<\/td><td class=\"column-2\"><\/td><td class=\"column-3\"><\/td><td class=\"column-4\"><\/td><td class=\"column-5\"><\/td>\n<\/tr>\n<tr class=\"row-8\">\n\t<td class=\"column-1\">-2 Bolzenscheider<\/td><td class=\"column-2\"><\/td><td class=\"column-3\"><\/td><td class=\"column-4\"><\/td><td class=\"column-5\"><\/td>\n<\/tr>\n<tr class=\"row-9\">\n\t<td class=\"column-1\">-Augenschutz<\/td><td class=\"column-2\"><\/td><td class=\"column-3\"><\/td><td class=\"column-4\"><\/td><td class=\"column-5\"><\/td>\n<\/tr>\n<tr class=\"row-10\">\n\t<td class=\"column-1\">-Bitsatz 53teilig (fehlende Elemente)<\/td><td class=\"column-2\"><\/td><td class=\"column-3\"><\/td><td class=\"column-4\"><\/td><td class=\"column-5\"><\/td>\n<\/tr>\n<tr class=\"row-11\">\n\t<td class=\"column-1\">-Bohrerset 18teilig<\/td><td class=\"column-2\"><\/td><td class=\"column-3\"><\/td><td class=\"column-4\"><\/td><td class=\"column-5\"><\/td>\n<\/tr>\n<tr class=\"row-12\">\n\t<td class=\"column-1\">-Feinmechanikset (Fehlende Knarre und Schraubenzieher)<\/td><td class=\"column-2\"><\/td><td class=\"column-3\"><\/td><td class=\"column-4\"><\/td><td class=\"column-5\"><\/td>\n<\/tr>\n<tr class=\"row-13\">\n\t<td class=\"column-1\">-Gummihammer<\/td><td class=\"column-2\"><\/td><td class=\"column-3\"><\/td><td class=\"column-4\"><\/td><td class=\"column-5\"><\/td>\n<\/tr>\n<tr class=\"row-14\">\n\t<td class=\"column-1\">-Hobel<\/td><td class=\"column-2\"><\/td><td class=\"column-3\"><\/td><td class=\"column-4\"><\/td><td class=\"column-5\"><\/td>\n<\/tr>\n<tr class=\"row-15\">\n\t<td class=\"column-1\">-Kneifzange<\/td><td class=\"column-2\"><\/td><td class=\"column-3\"><\/td><td class=\"column-4\"><\/td><td class=\"column-5\"><\/td>\n<\/tr>\n<tr class=\"row-16\">\n\t<td class=\"column-1\">-Steckschl\u00fcsselsatz 29 Teile<\/td><td class=\"column-2\"><\/td><td class=\"column-3\"><\/td><td class=\"column-4\"><\/td><td class=\"column-5\"><\/td>\n<\/tr>\n<tr class=\"row-17\">\n\t<td class=\"column-1\">-Steckschl\u00fcsselsatz 130 Teile<\/td><td class=\"column-2\"><\/td><td class=\"column-3\"><\/td><td class=\"column-4\"><\/td><td class=\"column-5\"><\/td>\n<\/tr>\n<tr class=\"row-18\">\n\t<td class=\"column-1\">-Wasserwaage<br \/>\n-in Benutzung<\/td><td class=\"column-2\"><\/td><td class=\"column-3\"><\/td><td class=\"column-4\"><\/td><td class=\"column-5\"><\/td>\n<\/tr>\n<tr class=\"row-19\">\n\t<td class=\"column-1\">Bandschleifer (MAMESMANN)<br \/>\n<\/td><td class=\"column-2\"><\/td><td class=\"column-3\"><\/td><td class=\"column-4\"><\/td><td class=\"column-5\"><\/td>\n<\/tr>\n<tr class=\"row-20\">\n\t<td class=\"column-1\">BOSCH PDO6 Digitales Ortungsger\u00e4t<\/td><td class=\"column-2\"><\/td><td class=\"column-3\"><\/td><td class=\"column-4\"><\/td><td class=\"column-5\"><\/td>\n<\/tr>\n<tr class=\"row-21\">\n\t<td class=\"column-1\">Elektronikschraubenzieherset<\/td><td class=\"column-2\"><\/td><td class=\"column-3\"><\/td><td class=\"column-4\"><\/td><td class=\"column-5\"><\/td>\n<\/tr>\n<tr class=\"row-22\">\n\t<td class=\"column-1\">Elektroschleifer (SKIL) -in Beutzung<\/td><td class=\"column-2\"><\/td><td class=\"column-3\"><\/td><td class=\"column-4\"><\/td><td class=\"column-5\"><\/td>\n<\/tr>\n<tr class=\"row-23\">\n\t<td class=\"column-1\">Flex GWS1100 Professional + 2 mal Schruppenpackungen<\/td><td class=\"column-2\"><\/td><td class=\"column-3\"><\/td><td class=\"column-4\"><\/td><td class=\"column-5\"><\/td>\n<\/tr>\n<tr class=\"row-24\">\n\t<td class=\"column-1\">F\u00fcr den Garten<br \/>\n-1 Spaltaxt<br \/>\n-1 Asts\u00e4ge <br \/>\n-YOUNGDO Klappspaten<br \/>\n-Fiskars Spitz und Breithacke<br \/>\n-M\u00fcllsammel-Greifarme<br \/>\n<\/td><td class=\"column-2\"><\/td><td class=\"column-3\"><\/td><td class=\"column-4\"><\/td><td class=\"column-5\"><\/td>\n<\/tr>\n<tr class=\"row-25\">\n\t<td class=\"column-1\">Handkreiss\u00e4ge HKS160<\/td><td class=\"column-2\"><\/td><td class=\"column-3\"><\/td><td class=\"column-4\"><\/td><td class=\"column-5\"><\/td>\n<\/tr>\n<tr class=\"row-26\">\n\t<td class=\"column-1\">Imbussschl\u00fcsselkasten 30teilig<\/td><td class=\"column-2\"><\/td><td class=\"column-3\"><\/td><td class=\"column-4\"><\/td><td class=\"column-5\"><\/td>\n<\/tr>\n<tr class=\"row-27\">\n\t<td class=\"column-1\">Mehrzweckschraubensortiment<\/td><td class=\"column-2\"><\/td><td class=\"column-3\"><\/td><td class=\"column-4\"><\/td><td class=\"column-5\"><\/td>\n<\/tr>\n<tr class=\"row-28\">\n\t<td class=\"column-1\">Stichs\u00e4ge (SKIL, 500 Watt) + 14 S\u00e4gebl\u00e4tter<\/td><td class=\"column-2\"><\/td><td class=\"column-3\"><\/td><td class=\"column-4\"><\/td><td class=\"column-5\"><\/td>\n<\/tr>\n<tr class=\"row-29\">\n\t<td class=\"column-1\">Voltcraft VC130-1 Digital Multimeter<\/td><td class=\"column-2\"><\/td><td class=\"column-3\"><\/td><td class=\"column-4\"><\/td><td class=\"column-5\"><\/td>\n<\/tr>\n<\/tbody>\n<\/table>","protected":false},"excerpt":{"rendered":"<p>Werkzeug Telegram-Gruppe: Hier k\u00f6nnt ihr euch Werkzeuge ausleihen und einen Schl\u00fcssel f\u00fcr den Fahrradschuppen beantragen. Die Besuchszeiten entfallen bis auf Weiteres. Stattdessen k\u00f6nnt ihr per Email individuell Termine unter werkzeug@dorfgoe.de vereinbaren oder direkt \u00fcber den obrigen QR-Code uns per Telegram direkt anschreiben. Here you can rent tools of all kind and request a key for [&hellip;]<\/p>","protected":false},"author":5,"featured_media":0,"parent":0,"menu_order":0,"comment_status":"closed","ping_status":"closed","template":"","meta":{"footnotes":"","_links_to":"","_links_to_target":""},"class_list":["post-1784","page","type-page","status-publish","hentry"],"_links":{"self":[{"href":"https:\/\/dorfgoe.de\/en\/wp-json\/wp\/v2\/pages\/1784","targetHints":{"allow":["GET"]}}],"collection":[{"href":"https:\/\/dorfgoe.de\/en\/wp-json\/wp\/v2\/pages"}],"about":[{"href":"https:\/\/dorfgoe.de\/en\/wp-json\/wp\/v2\/types\/page"}],"author":[{"embeddable":true,"href":"https:\/\/dorfgoe.de\/en\/wp-json\/wp\/v2\/users\/5"}],"replies":[{"embeddable":true,"href":"https:\/\/dorfgoe.de\/en\/wp-json\/wp\/v2\/comments?post=1784"}],"version-history":[{"count":15,"href":"https:\/\/dorfgoe.de\/en\/wp-json\/wp\/v2\/pages\/1784\/revisions"}],"predecessor-version":[{"id":2717,"href":"https:\/\/dorfgoe.de\/en\/wp-json\/wp\/v2\/pages\/1784\/revisions\/2717"}],"wp:attachment":[{"href":"https:\/\/dorfgoe.de\/en\/wp-json\/wp\/v2\/media?parent=1784"}],"curies":[{"name":"wp","href":"https:\/\/api.w.org\/{rel}","templated":true}]}}