{"id":1852,"date":"2018-12-12T18:14:38","date_gmt":"2018-12-12T17:14:38","guid":{"rendered":"https:\/\/dorfgoe.de\/?page_id=1852"},"modified":"2026-01-09T12:44:05","modified_gmt":"2026-01-09T11:44:05","slug":"integrationstutorium","status":"publish","type":"page","link":"https:\/\/dorfgoe.de\/en\/integrationstutorium\/","title":{"rendered":"Integration Tutorial"},"content":{"rendered":"<p>As part of the integration tutorial, we regularly organize small events to bring the villagers together to promote exchange and time spent together. First and foremost, we serve as contact persons for international students who need information about life as a student in G\u00f6ttingen, as well as providing support for new arrivals or those experiencing personal difficulties. We are also responsible for representing the voice of international students in matters of discrimination. For this reason, at least one of the two positions should always be held by an international student.<br \/>How exactly you want to shape the role of integration tutor is quite flexible and depends on the demand and interest of the village, but also on your own interests and skills as an integration tutor. We primarily offer events in English, but all languages and villagers are welcome!<br \/>In addition, integration tutors play an important role in self-administration, for example in the election of village mayors.<\/p>","protected":false},"excerpt":{"rendered":"<p>Im Rahmen des Integrationstutoriums organisieren wir regelm\u00e4\u00dfig kleine Veranstaltungen, um die Dorfbewohner:innen zusammenzubringen um Austausch und gemeinsam verbrachte Zeit zu f\u00f6rdern. In erster Linie dienen wir als Ansprechpartner:innen f\u00fcr internationale Studierende, die Informationen zum Leben als Student:in in G\u00f6ttingen ben\u00f6tigen, sowie als Unterst\u00fctzung f\u00fcr Neuank\u00f6mmlinge oder bei pers\u00f6nlichen Schwierigkeiten. Zudem sind wir daf\u00fcr verantwortlich, die [&hellip;]<\/p>","protected":false},"author":6,"featured_media":0,"parent":0,"menu_order":0,"comment_status":"closed","ping_status":"closed","template":"","meta":{"footnotes":"","_links_to":"","_links_to_target":""},"class_list":["post-1852","page","type-page","status-publish","hentry"],"_links":{"self":[{"href":"https:\/\/dorfgoe.de\/en\/wp-json\/wp\/v2\/pages\/1852","targetHints":{"allow":["GET"]}}],"collection":[{"href":"https:\/\/dorfgoe.de\/en\/wp-json\/wp\/v2\/pages"}],"about":[{"href":"https:\/\/dorfgoe.de\/en\/wp-json\/wp\/v2\/types\/page"}],"author":[{"embeddable":true,"href":"https:\/\/dorfgoe.de\/en\/wp-json\/wp\/v2\/users\/6"}],"replies":[{"embeddable":true,"href":"https:\/\/dorfgoe.de\/en\/wp-json\/wp\/v2\/comments?post=1852"}],"version-history":[{"count":12,"href":"https:\/\/dorfgoe.de\/en\/wp-json\/wp\/v2\/pages\/1852\/revisions"}],"predecessor-version":[{"id":2933,"href":"https:\/\/dorfgoe.de\/en\/wp-json\/wp\/v2\/pages\/1852\/revisions\/2933"}],"wp:attachment":[{"href":"https:\/\/dorfgoe.de\/en\/wp-json\/wp\/v2\/media?parent=1852"}],"curies":[{"name":"wp","href":"https:\/\/api.w.org\/{rel}","templated":true}]}}