{"id":2831,"date":"2025-05-25T21:10:24","date_gmt":"2025-05-25T19:10:24","guid":{"rendered":"https:\/\/dorfgoe.de\/?page_id=2831"},"modified":"2026-01-09T12:40:07","modified_gmt":"2026-01-09T11:40:07","slug":"organisationstutorium","status":"publish","type":"page","link":"https:\/\/dorfgoe.de\/en\/organisationstutorium\/","title":{"rendered":"Organization Tutorial"},"content":{"rendered":"<p>Hello dear villagers, we are your organization tutorial!<br \/>\nOur main task is to organize all events and celebrations that affect the student village. So far, we have been involved in the dorm Olympics, but we have also organized our own events such as barbecues.<br \/>\nWe are also responsible for renting out the reading room and the pavilion, both of which can be used for your private events.<br \/>\nNew ideas for events in the student village are very welcome!<br \/>\nThe best way to reach us is via our email address: <em>orga@dorfgoe.de<\/em><\/p>\n<p><strong>Here is some important information regarding the reading room<\/strong><\/p>\n<p>The reading room can be rented for private parties and events by student village residents. Please email us at orga@dorfgoe.de three weeks before your party with the time (start and end of your event) and ask if the reading room is available. You must sign a contract before using the reading room. The total rental fee for the room is \u20ac100, of which \u20ac80 is a deposit. Please bring the money in cash. The room is equipped with refrigerators and a music system, among other things, which can be used. After your party, the room must be clean and undamaged, and if this is the case, you will get your deposit back. We will lock and unlock the room for you, <strong>so you will not receive any keys!<\/strong>!<\/p>\n<p><strong>Would you like to become an organization tutor in the student village yourself?<\/strong><\/p>\n<p>If you enjoy organizing a variety of events, are reliable, and like meeting new people, then the Orga-Tutorium is the right place for you. Depending on how many events are scheduled each month, the time commitment is approximately 5 hours, but this may vary.<br \/>\nAs an Orga tutor, you will gain exciting insights into the self-administration of the student village and participate in one of the most important tutorials! For your efforts, you will receive 26 euros per month, which will be transferred at the end of the semester. Furthermore, if you serve for two semesters, your residence in the village will be extended by two semesters. Have we piqued your interest? Then send an email to the election committee and introduce yourself briefly. We look forward to hearing from you!<\/p>","protected":false},"excerpt":{"rendered":"<p>Hallo liebe Dorfbewohner*innen, wir sind euer Organisationstutorium! Unsere Hauptaufgabe besteht darin, alle Veranstaltungen und Feiern, die das Studentendorf betreffen, zu organisieren. Wir haben bisher bei der Wohnheim-Olympiade mitgewirkt, aber auch eigene Veranstaltungen wie das Grillfest organisiert. Au\u00dferdem sind wir f\u00fcr die Vermietung des Lesesaals und des Pavillons zust\u00e4ndig, die beide f\u00fcr eure privaten Veranstaltungen genutzt [&hellip;]<\/p>","protected":false},"author":5,"featured_media":0,"parent":0,"menu_order":0,"comment_status":"closed","ping_status":"closed","template":"","meta":{"footnotes":"","_links_to":"","_links_to_target":""},"class_list":["post-2831","page","type-page","status-publish","hentry"],"_links":{"self":[{"href":"https:\/\/dorfgoe.de\/en\/wp-json\/wp\/v2\/pages\/2831","targetHints":{"allow":["GET"]}}],"collection":[{"href":"https:\/\/dorfgoe.de\/en\/wp-json\/wp\/v2\/pages"}],"about":[{"href":"https:\/\/dorfgoe.de\/en\/wp-json\/wp\/v2\/types\/page"}],"author":[{"embeddable":true,"href":"https:\/\/dorfgoe.de\/en\/wp-json\/wp\/v2\/users\/5"}],"replies":[{"embeddable":true,"href":"https:\/\/dorfgoe.de\/en\/wp-json\/wp\/v2\/comments?post=2831"}],"version-history":[{"count":4,"href":"https:\/\/dorfgoe.de\/en\/wp-json\/wp\/v2\/pages\/2831\/revisions"}],"predecessor-version":[{"id":2931,"href":"https:\/\/dorfgoe.de\/en\/wp-json\/wp\/v2\/pages\/2831\/revisions\/2931"}],"wp:attachment":[{"href":"https:\/\/dorfgoe.de\/en\/wp-json\/wp\/v2\/media?parent=2831"}],"curies":[{"name":"wp","href":"https:\/\/api.w.org\/{rel}","templated":true}]}}