{"id":2841,"date":"2025-05-25T21:09:43","date_gmt":"2025-05-25T19:09:43","guid":{"rendered":"https:\/\/dorfgoe.de\/?page_id=2841"},"modified":"2026-01-09T13:21:02","modified_gmt":"2026-01-09T12:21:02","slug":"ba","status":"publish","type":"page","link":"https:\/\/dorfgoe.de\/en\/ba\/","title":{"rendered":"Allocation Committee"},"content":{"rendered":"<p>As the allocation committee, we are responsible for meeting with the administration once or twice to process applications for extensions of residence. These meetings last one to two hours and are very important for students who need more time to live on campus. For this task, which is scheduled for two semesters, the compensation is two additional semesters of residence. No prior knowledge is required.<\/p>","protected":false},"excerpt":{"rendered":"<p>Als Belegungsausschuss sind wir daf\u00fcr zust\u00e4ndig, uns ein- bis zweimal mit der Verwaltung zu treffen, um die Antr\u00e4ge f\u00fcr die Verl\u00e4ngerung der Wohnzeit zu bearbeiten. Diese Treffen dauern ein bis zwei Stunden und sind f\u00fcr Studierende, die mehr Wohnzeit ben\u00f6tigen, sehr wichtig. F\u00fcr diese Aufgabe, die f\u00fcr zwei Semester angelegt ist, gibt es als Verg\u00fctung [&hellip;]<\/p>","protected":false},"author":5,"featured_media":0,"parent":0,"menu_order":0,"comment_status":"closed","ping_status":"closed","template":"","meta":{"footnotes":"","_links_to":"","_links_to_target":""},"class_list":["post-2841","page","type-page","status-publish","hentry"],"_links":{"self":[{"href":"https:\/\/dorfgoe.de\/en\/wp-json\/wp\/v2\/pages\/2841","targetHints":{"allow":["GET"]}}],"collection":[{"href":"https:\/\/dorfgoe.de\/en\/wp-json\/wp\/v2\/pages"}],"about":[{"href":"https:\/\/dorfgoe.de\/en\/wp-json\/wp\/v2\/types\/page"}],"author":[{"embeddable":true,"href":"https:\/\/dorfgoe.de\/en\/wp-json\/wp\/v2\/users\/5"}],"replies":[{"embeddable":true,"href":"https:\/\/dorfgoe.de\/en\/wp-json\/wp\/v2\/comments?post=2841"}],"version-history":[{"count":5,"href":"https:\/\/dorfgoe.de\/en\/wp-json\/wp\/v2\/pages\/2841\/revisions"}],"predecessor-version":[{"id":2947,"href":"https:\/\/dorfgoe.de\/en\/wp-json\/wp\/v2\/pages\/2841\/revisions\/2947"}],"wp:attachment":[{"href":"https:\/\/dorfgoe.de\/en\/wp-json\/wp\/v2\/media?parent=2841"}],"curies":[{"name":"wp","href":"https:\/\/api.w.org\/{rel}","templated":true}]}}