{"id":2843,"date":"2025-05-25T21:09:15","date_gmt":"2025-05-25T19:09:15","guid":{"rendered":"https:\/\/dorfgoe.de\/?page_id=2843"},"modified":"2026-01-09T12:24:12","modified_gmt":"2026-01-09T11:24:12","slug":"buergermeister","status":"publish","type":"page","link":"https:\/\/dorfgoe.de\/en\/buergermeister\/","title":{"rendered":"Village Mayors"},"content":{"rendered":"<p>We are <strong>the Village Mayors<\/strong> of the student village, or in other words, the dormitory representatives.<\/p>\n<p>Our main tasks include organizing the student council and village meetings, as well as communicating with the student services organization. We also offer a locksmith service in case of lockouts (outside of administrative office hours) and are the general point of contact for the village residents.<\/p>\n<p>We are important to the village because we act as a link and point of contact between the tutors, residents, and student union staff. We make sure that everything runs smoothly. We initiate larger projects, such as the opening of the new laundry room. We also manage the village's finances.<\/p>\n<p>We are always happy to receive ideas and suggestions about the village! Please feel free to contact us at <em>dbm@dorfgoe.de<\/em><\/p>\n<p><strong>Are you interested in becoming village mayor? Good idea! <\/strong><\/p>\n<p>Why? Here you can learn to take on responsibility on a small scale, organize a group, and actively shape the future of the residence hall. You will also have a lot of contact with other people and be a figure of authority. In addition, you will receive a small financial compensation of \u20ac89.50 and a 2-semester extension of your residence period.<\/p>","protected":false},"excerpt":{"rendered":"<p>Wir sind die Dorfb\u00fcrgermeister des Studentendorf oder anders ausgedr\u00fcckt, die Wohnheimsprecher. Unsere Hauptaufgaben umfassen die Organisation der SV und der Dorfversammlungen, sowie die Kommunikation mit dem Studierendenwerk. Au\u00dferdem bieten wir den Schl\u00fcsseldienst bei Aussperrung an (au\u00dferhalb der Verwaltungs\u00f6ffnungszeiten) und sind generelle Ansprechpartner f\u00fcr die Bewohner des Dorfes. F\u00fcr das Dorf sind wir wichtig, da wir [&hellip;]<\/p>","protected":false},"author":5,"featured_media":0,"parent":0,"menu_order":0,"comment_status":"closed","ping_status":"closed","template":"","meta":{"footnotes":"","_links_to":"","_links_to_target":""},"class_list":["post-2843","page","type-page","status-publish","hentry"],"_links":{"self":[{"href":"https:\/\/dorfgoe.de\/en\/wp-json\/wp\/v2\/pages\/2843","targetHints":{"allow":["GET"]}}],"collection":[{"href":"https:\/\/dorfgoe.de\/en\/wp-json\/wp\/v2\/pages"}],"about":[{"href":"https:\/\/dorfgoe.de\/en\/wp-json\/wp\/v2\/types\/page"}],"author":[{"embeddable":true,"href":"https:\/\/dorfgoe.de\/en\/wp-json\/wp\/v2\/users\/5"}],"replies":[{"embeddable":true,"href":"https:\/\/dorfgoe.de\/en\/wp-json\/wp\/v2\/comments?post=2843"}],"version-history":[{"count":3,"href":"https:\/\/dorfgoe.de\/en\/wp-json\/wp\/v2\/pages\/2843\/revisions"}],"predecessor-version":[{"id":2923,"href":"https:\/\/dorfgoe.de\/en\/wp-json\/wp\/v2\/pages\/2843\/revisions\/2923"}],"wp:attachment":[{"href":"https:\/\/dorfgoe.de\/en\/wp-json\/wp\/v2\/media?parent=2843"}],"curies":[{"name":"wp","href":"https:\/\/api.w.org\/{rel}","templated":true}]}}