{"id":2951,"date":"2026-01-09T13:24:30","date_gmt":"2026-01-09T12:24:30","guid":{"rendered":"https:\/\/dorfgoe.de\/?page_id=2951"},"modified":"2026-02-03T21:07:16","modified_gmt":"2026-02-03T20:07:16","slug":"sport","status":"publish","type":"page","link":"https:\/\/dorfgoe.de\/en\/sport\/","title":{"rendered":"Sports Tutorial"},"content":{"rendered":"<p>The sports tutorial is available to all residents of the student village who are interested in sports. The primary aim is to encourage people to get together for weekly meetups, such as a running group or similar, to enjoy sporting activities together. In addition, various equipment can be borrowed for sporting activities, and larger sporting events may be held at longer intervals. For the last two points, input from the students is essential.<\/p>\n<p>For equipment loans and event suggestions, the tutorial can be reached at <em>sport@dorfgoe.de<\/em> and by contacting the tutors personally. Furthermore, information about planned events and weekly meetups can be found on Instagram, the village WhatsApp group, the village notice boards, and the Facebook group.<\/p>","protected":false},"excerpt":{"rendered":"<p>Das Sporttutorium steht allen sportlich interessierten Bewohnern des Studentendorfes zur Verf\u00fcgung. In erster Linie geht es darum, durch w\u00f6chentlich stattfindende Meetups, in Form einer Laufgruppe oder \u00c4hnlichem, gemeinsam bei sportlicher Aktivit\u00e4t zu erquicken. Dar\u00fcber hinaus kann diverses Equipment zur sportlichen Bet\u00e4tigung geliehen werden, genauso wie es in gr\u00f6\u00dferen Abst\u00e4nden abgehaltene gr\u00f6\u00dfere Sportveranstaltungen geben kann. F\u00fcr [&hellip;]<\/p>","protected":false},"author":5,"featured_media":0,"parent":0,"menu_order":0,"comment_status":"closed","ping_status":"closed","template":"","meta":{"footnotes":"","_links_to":"","_links_to_target":""},"class_list":["post-2951","page","type-page","status-publish","hentry"],"_links":{"self":[{"href":"https:\/\/dorfgoe.de\/en\/wp-json\/wp\/v2\/pages\/2951","targetHints":{"allow":["GET"]}}],"collection":[{"href":"https:\/\/dorfgoe.de\/en\/wp-json\/wp\/v2\/pages"}],"about":[{"href":"https:\/\/dorfgoe.de\/en\/wp-json\/wp\/v2\/types\/page"}],"author":[{"embeddable":true,"href":"https:\/\/dorfgoe.de\/en\/wp-json\/wp\/v2\/users\/5"}],"replies":[{"embeddable":true,"href":"https:\/\/dorfgoe.de\/en\/wp-json\/wp\/v2\/comments?post=2951"}],"version-history":[{"count":4,"href":"https:\/\/dorfgoe.de\/en\/wp-json\/wp\/v2\/pages\/2951\/revisions"}],"predecessor-version":[{"id":3016,"href":"https:\/\/dorfgoe.de\/en\/wp-json\/wp\/v2\/pages\/2951\/revisions\/3016"}],"wp:attachment":[{"href":"https:\/\/dorfgoe.de\/en\/wp-json\/wp\/v2\/media?parent=2951"}],"curies":[{"name":"wp","href":"https:\/\/api.w.org\/{rel}","templated":true}]}}