{"id":308,"date":"2013-02-09T22:21:31","date_gmt":"2013-02-09T21:21:31","guid":{"rendered":"http:\/\/dorf.studentenwerk-goettingen.de\/?page_id=308"},"modified":"2024-04-30T11:55:54","modified_gmt":"2024-04-30T09:55:54","slug":"wohnen","status":"publish","type":"page","link":"https:\/\/dorfgoe.de\/en\/downloads\/wohnen\/","title":{"rendered":"Wohnen"},"content":{"rendered":"<p><a href=\"https:\/\/dorfgoe.de\/wp-content\/uploads\/2017\/10\/Antrag-Nachteilsausgleich.pdf\"><strong>Antrag Nachteilsausgleich<\/strong><\/a><\/p>\n<p><a target=\"_blank\" rel=\"noopener\" href=\"https:\/\/dorfgoe.de\/wp-content\/uploads\/2024\/04\/wp-1714470802871.pdf\">House Representative Election Form &#8212; Haus\/Flursprecher Wahlzettel<\/a><\/p>\n<p><a href=\"https:\/\/dorfgoe.de\/wp-content\/uploads\/2013\/11\/Flyer-GEB-aus-November-2013.pdf\">Flyer GEB aus November 2013<\/a><\/p>\n<p><a href=\"https:\/\/dorfgoe.de\/wp-content\/uploads\/2013\/04\/So-helfen-Sie-sich-beim-Energiesparen.pdf\">So helfen Sie (sich) beim Energiesparen<\/a><\/p>\n<p><a href=\"https:\/\/dorfgoe.de\/wp-content\/uploads\/2013\/02\/How-to-save-energy.pdf\">How to save energy<\/a><\/p>\n<p><a href=\"https:\/\/dorfgoe.de\/wp-content\/uploads\/2013\/02\/Heizen.pdf\">Richtig Heizen und L\u00fcften<\/a><\/p>\n<p><a href=\"https:\/\/dorfgoe.de\/wp-content\/uploads\/2013\/02\/Separe-usted-tambi\u00e9n.pdf\">Separe usted tambi\u00e9n!<\/a><\/p>\n<p><a href=\"https:\/\/dorfgoe.de\/wp-content\/uploads\/2013\/02\/Participez-au-tri-des-d\u00e9chets.pdf\">Participez au tri des d\u00e9chets!<\/a><\/p>\n<p><a href=\"https:\/\/dorfgoe.de\/wp-content\/uploads\/2013\/02\/Separate-too.pdf\">Separate too!<\/a><\/p>\n<p><a href=\"https:\/\/dorfgoe.de\/wp-content\/uploads\/2013\/03\/Wohnheimwoerterbuch_d-fr-sp.pdf\">Wohnheimw\u00f6rterbuch (deutsch, franz\u00f6sisch, spanisch)<\/a><\/p>\n<p><a href=\"https:\/\/dorfgoe.de\/wp-content\/uploads\/2013\/03\/Wohnheimwoerterbuch_d-pol-russ.pdf\">Wohnheimw\u00f6rterbuch (deutsch, polnisch, russisch)<\/a><\/p>\n<p><a href=\"https:\/\/dorfgoe.de\/wp-content\/uploads\/2013\/03\/Wohnheimwoerterbuch_d-fr-arab.pdf\">Wohnheimw\u00f6rterbuch (deutsch, franz\u00f6sisch, arabisch)<\/a><\/p>","protected":false},"excerpt":{"rendered":"<p>Antrag Nachteilsausgleich House Representative Election Form &#8212; Haus\/Flursprecher Wahlzettel Flyer GEB aus November 2013 So helfen Sie (sich) beim Energiesparen How to save energy Richtig Heizen und L\u00fcften Separe usted tambi\u00e9n! Participez au tri des d\u00e9chets! Separate too! Wohnheimw\u00f6rterbuch (deutsch, franz\u00f6sisch, spanisch) Wohnheimw\u00f6rterbuch (deutsch, polnisch, russisch) Wohnheimw\u00f6rterbuch (deutsch, franz\u00f6sisch, arabisch)<\/p>","protected":false},"author":5,"featured_media":0,"parent":323,"menu_order":0,"comment_status":"closed","ping_status":"closed","template":"","meta":{"footnotes":"","_links_to":"","_links_to_target":""},"class_list":["post-308","page","type-page","status-publish","hentry"],"_links":{"self":[{"href":"https:\/\/dorfgoe.de\/en\/wp-json\/wp\/v2\/pages\/308","targetHints":{"allow":["GET"]}}],"collection":[{"href":"https:\/\/dorfgoe.de\/en\/wp-json\/wp\/v2\/pages"}],"about":[{"href":"https:\/\/dorfgoe.de\/en\/wp-json\/wp\/v2\/types\/page"}],"author":[{"embeddable":true,"href":"https:\/\/dorfgoe.de\/en\/wp-json\/wp\/v2\/users\/5"}],"replies":[{"embeddable":true,"href":"https:\/\/dorfgoe.de\/en\/wp-json\/wp\/v2\/comments?post=308"}],"version-history":[{"count":33,"href":"https:\/\/dorfgoe.de\/en\/wp-json\/wp\/v2\/pages\/308\/revisions"}],"predecessor-version":[{"id":2733,"href":"https:\/\/dorfgoe.de\/en\/wp-json\/wp\/v2\/pages\/308\/revisions\/2733"}],"up":[{"embeddable":true,"href":"https:\/\/dorfgoe.de\/en\/wp-json\/wp\/v2\/pages\/323"}],"wp:attachment":[{"href":"https:\/\/dorfgoe.de\/en\/wp-json\/wp\/v2\/media?parent=308"}],"curies":[{"name":"wp","href":"https:\/\/api.w.org\/{rel}","templated":true}]}}