{"id":374,"date":"2013-02-10T00:45:10","date_gmt":"2013-02-09T23:45:10","guid":{"rendered":"http:\/\/dorf.studentenwerk-goettingen.de\/?page_id=374"},"modified":"2026-01-09T14:51:25","modified_gmt":"2026-01-09T13:51:25","slug":"internettutorium","status":"publish","type":"page","link":"https:\/\/dorfgoe.de\/en\/internettutorium\/","title":{"rendered":"Internet Tutorial"},"content":{"rendered":"<p>Hello dear villagers!<br \/>\nWe are your IT tutorial \u2013 perhaps better known in other dormitories as the Internet or network tutorial. Our main task is to manage and maintain the entire IT infrastructure in the village.<br \/>\nThis means, for example, that we take care of the website, manage the email addresses for the other tutorials, supervise the washing machine rooms, and much more!<br \/>\nIn short: we know our way around computers pretty well. So if you have any questions about software problems, the network sockets in your apartments, or anything similar, you've come to the right place.<br \/>\nInternet access in the village is now managed by the Studentenwerk, not directly by us. However, if you have any problems with the Internet (LAN and\/or Wi-Fi) or suggestions, please feel free to come to us\u2014we will be happy to help you!<\/p>\n<p>The best way to reach us is via our email address: <em>edv@dorfgoe.de<\/em><\/p>\n<p>&nbsp;<\/p>\n<p><strong>Would you like to become an IT tutor at the Student Village?<\/strong><br \/>\nDon't be discouraged if you're not very familiar with computers at the moment!<br \/>\nPrior knowledge of networks, server technology, Linux, or programming is of course welcome \u2013 but not a prerequisite. What's more important is that you're interested in these topics and eager to learn new things. The time commitment is about 1\u20132 hours per week.<br \/>\nAs part of the internet tutorial, you will not only gain exciting insights into the technology behind the village\u2014you will also be involved in one of the most influential tutorials!<br \/>\nIn addition, as an IT tutor, you will receive \u20ac26 per month (during the semester) and, if you serve for two semesters, two additional semesters of accommodation in the village.<br \/>\nInterested? Then please contact us in advance so that we can show you everything at your leisure. That way, you won't be thrown in at the deep end after being elected as the next IT tutor.<\/p>","protected":false},"excerpt":{"rendered":"<p>Hallo liebe Dorfbewohner*innen! Wir sind euer EDV-Tutorium \u2013 in anderen Wohnheimen vielleicht besser bekannt als Internet- oder Netzwerk-Tutorium. Unsere Hauptaufgabe besteht darin, die gesamte IT-Infrastruktur im Dorf zu betreuen und zu pflegen. Das hei\u00dft zum Beispiel: Wir k\u00fcmmern uns um die Website, verwalten die Mail-Adressen der anderen Tutorien, betreuen die \u00dcberwachung in den Waschmaschinenr\u00e4umen \u2013 [&hellip;]<\/p>","protected":false},"author":5,"featured_media":0,"parent":0,"menu_order":0,"comment_status":"closed","ping_status":"open","template":"","meta":{"footnotes":"","_links_to":"","_links_to_target":""},"class_list":["post-374","page","type-page","status-publish","hentry"],"_links":{"self":[{"href":"https:\/\/dorfgoe.de\/en\/wp-json\/wp\/v2\/pages\/374","targetHints":{"allow":["GET"]}}],"collection":[{"href":"https:\/\/dorfgoe.de\/en\/wp-json\/wp\/v2\/pages"}],"about":[{"href":"https:\/\/dorfgoe.de\/en\/wp-json\/wp\/v2\/types\/page"}],"author":[{"embeddable":true,"href":"https:\/\/dorfgoe.de\/en\/wp-json\/wp\/v2\/users\/5"}],"replies":[{"embeddable":true,"href":"https:\/\/dorfgoe.de\/en\/wp-json\/wp\/v2\/comments?post=374"}],"version-history":[{"count":49,"href":"https:\/\/dorfgoe.de\/en\/wp-json\/wp\/v2\/pages\/374\/revisions"}],"predecessor-version":[{"id":2932,"href":"https:\/\/dorfgoe.de\/en\/wp-json\/wp\/v2\/pages\/374\/revisions\/2932"}],"wp:attachment":[{"href":"https:\/\/dorfgoe.de\/en\/wp-json\/wp\/v2\/media?parent=374"}],"curies":[{"name":"wp","href":"https:\/\/api.w.org\/{rel}","templated":true}]}}