{"id":97,"date":"2013-02-09T16:10:23","date_gmt":"2013-02-09T15:10:23","guid":{"rendered":"http:\/\/dorf.studentenwerk-goettingen.de\/?page_id=97"},"modified":"2026-01-22T22:56:03","modified_gmt":"2026-01-22T21:56:03","slug":"dorfanzeiger","status":"publish","type":"page","link":"https:\/\/dorfgoe.de\/en\/downloads\/dorfanzeiger\/","title":{"rendered":"Village News"},"content":{"rendered":"<p>Wir haben im Studentendorf eine eigene Zeitschrift, der Dorfanzeiger (DAZ). Der Dorfanzeiger wird von Mitgliedern der Selbstverwaltung erstellt und im Dorf kostenlos zur Verf\u00fcgung gestellt. Hier werdet ihr \u00fcber alle Neuigkeiten aus dem Dorf auf dem laufenden gehalten, es gibt kleine R\u00e4tsel und andere nette Kleinigkeiten, wie man sie von einer Zeitschrift erwartet. Aus datenschutzrechtlichen Gr\u00fcnden k\u00f6nnen wir die neuen Versionen nicht einfach hier auf dieser Website ins Internet stellen, aber wir haben eine eigene Website daf\u00fcr, die ihr hier findet: <a href=\"https:\/\/daz.dorfgoe.de\/\">daz.dorfgoe.de<\/a><\/p>\n<p><strong>Diese Seite ist nur aus dem internen Netzwerk des Studentendorfes erreichbar!<\/strong><\/p>\n<p><strong>Auf der gleichen Website findet ihr auch alle Protokolle und Pr\u00e4sentationsfolien der vergangenen Dorfversammlungen!<\/strong><\/p>\n<p>Archiv:<\/p>\n<p><a href=\"https:\/\/dorfgoe.de\/wp-content\/uploads\/2013\/09\/DAZ_2006_WS-1.pdf\">DAZ 1 WiSe 06<\/a><br \/>\n<a href=\"https:\/\/dorfgoe.de\/wp-content\/uploads\/2013\/09\/DAZ_2006_WS-2.pdf\">DAZ 2 WiSe 06<\/a><br \/>\n<a href=\"https:\/\/dorfgoe.de\/wp-content\/uploads\/2013\/09\/DAZ_2006_WS-3.pdf\">DAZ 3 WiSe 06<\/a><br \/>\n<a href=\"https:\/\/dorfgoe.de\/wp-content\/uploads\/2013\/09\/DAZ_2006_WS-4.pdf\">DAZ 4 WiSe 06<\/a><br \/>\n<a href=\"https:\/\/dorfgoe.de\/wp-content\/uploads\/2013\/09\/DAZ_2006-1.pdf\">DAZ 2006-1<\/a><br \/>\n<a href=\"https:\/\/dorfgoe.de\/wp-content\/uploads\/2013\/09\/DAZ_2006-2.pdf\">DAZ 2006-2<\/a><br \/>\n<a href=\"https:\/\/dorfgoe.de\/wp-content\/uploads\/2013\/09\/DAZ_2006-3.pdf\">DAZ 2006-3<\/a><br \/>\n<a href=\"https:\/\/dorfgoe.de\/wp-content\/uploads\/2013\/09\/DAZ_2006-4.pdf\">DAZ 2006-4<\/a><br \/>\n<a href=\"https:\/\/dorfgoe.de\/wp-content\/uploads\/2013\/09\/DAZ_2007_WS-1.pdf\">DAZ_2007_WS-1<\/a><br \/>\n<a href=\"https:\/\/dorfgoe.de\/wp-content\/uploads\/2013\/09\/DAZ_2007_WS-2.pdf\">DAZ_2007_WS-2<\/a><br \/>\n<a href=\"https:\/\/dorfgoe.de\/wp-content\/uploads\/2013\/09\/DAZ_2007_WS-3.pdf\">DAZ_2007_WS-3<\/a><br \/>\n<a href=\"https:\/\/dorfgoe.de\/wp-content\/uploads\/2013\/09\/DAZ_2007_WS-4.pdf\">DAZ_2007_WS-4<\/a><br \/>\n<a href=\"https:\/\/dorfgoe.de\/wp-content\/uploads\/2013\/09\/DAZ_2007-1.pdf\">DAZ_2007-1<\/a><br \/>\n<a href=\"https:\/\/dorfgoe.de\/wp-content\/uploads\/2013\/09\/DAZ_2007-2.pdf\">DAZ_2007-2<\/a><br \/>\n<a href=\"https:\/\/dorfgoe.de\/wp-content\/uploads\/2013\/09\/DAZ_2007-3.pdf\">DAZ_2007-3<\/a><br \/>\n<a href=\"https:\/\/dorfgoe.de\/wp-content\/uploads\/2013\/09\/DAZ_2007-4.pdf\">DAZ_2007-4<\/a><br \/>\n<a href=\"https:\/\/dorfgoe.de\/wp-content\/uploads\/2013\/09\/DAZ_2008_WS-1.pdf\">DAZ_2008_WS-1<\/a><br \/>\n<a href=\"https:\/\/dorfgoe.de\/wp-content\/uploads\/2013\/09\/DAZ_2008_WS-2.pdf\">DAZ_2008_WS-2<\/a><br \/>\n<a href=\"https:\/\/dorfgoe.de\/wp-content\/uploads\/2013\/09\/DAZ_2008_WS-3.pdf\">DAZ_2008_WS-3<\/a><br \/>\n<a href=\"https:\/\/dorfgoe.de\/wp-content\/uploads\/2013\/09\/DAZ_2008_WS-4.pdf\">DAZ_2008_WS-4<\/a><br \/>\n<a href=\"https:\/\/dorfgoe.de\/wp-content\/uploads\/2013\/09\/DAZ_2008-1.pdf\">DAZ_2008-1<\/a><br \/>\n<a href=\"https:\/\/dorfgoe.de\/wp-content\/uploads\/2013\/09\/DAZ_2008-2.pdf\">DAZ_2008-2<\/a><br \/>\n<a href=\"https:\/\/dorfgoe.de\/wp-content\/uploads\/2013\/09\/DAZ_2008-3.pdf\">DAZ_2008-3<\/a><br \/>\n<a href=\"https:\/\/dorfgoe.de\/wp-content\/uploads\/2013\/09\/DAZ_2008-4.pdf\">DAZ_2008-4<\/a><br \/>\n<a href=\"https:\/\/dorfgoe.de\/wp-content\/uploads\/2013\/09\/DAZ_2009-1.pdf\">DAZ_2009-1<\/a><br \/>\n<a href=\"https:\/\/dorfgoe.de\/wp-content\/uploads\/2013\/09\/DAZ_2009-2.pdf\">DAZ_2009-2<\/a><br \/>\n<a href=\"https:\/\/dorfgoe.de\/wp-content\/uploads\/2013\/09\/DAZ_2009-3.pdf\">DAZ_2009-3<\/a><br \/>\n<a href=\"https:\/\/dorfgoe.de\/wp-content\/uploads\/2013\/02\/DAZ1_WS2010_Online.pdf\">DAZ 1 WS 2010<\/a><br \/>\n<a href=\"https:\/\/dorfgoe.de\/wp-content\/uploads\/2013\/02\/2DazWs2010.pdf\">DAZ 2 WS 2010<\/a><br \/>\n<a href=\"https:\/\/dorfgoe.de\/wp-content\/uploads\/2013\/02\/3.Daz-WS10-11.pdf\">DAZ 3 WS10\/11<\/a><br \/>\n<a href=\"https:\/\/dorfgoe.de\/wp-content\/uploads\/2013\/02\/DAZ3_SoSe2010_Online.pdf\">DAZ 3 SoSe 2010<\/a><br \/>\n<a href=\"https:\/\/dorfgoe.de\/wp-content\/uploads\/2015\/06\/DAZ-3-SoSe2015.pdf\">DAZ 3 SoSe2015<\/a><br \/>\n<a href=\"https:\/\/dorfgoe.de\/wp-content\/uploads\/2015\/11\/DAZ-neu.pdf\">DAZ 10 15<\/a><br \/>\n<a href=\"https:\/\/dorfgoe.de\/wp-content\/uploads\/2013\/02\/DAZ-2-WiSe2015-16.pdf\">DAZ 2 WiSe 2015\/16<\/a><br \/>\n<a href=\"https:\/\/dorfgoe.de\/wp-content\/uploads\/2013\/02\/DAZ-3-WiSe-15_16.pdf\" rel=\"\">DAZ 3 WiSe 15\/16<\/a><br \/>\n<a href=\"https:\/\/dorfgoe.de\/wp-content\/uploads\/2013\/02\/DAZ-3-WiSe1617.pdf\">DAZ 3 WiSe 16\/17<\/a><br \/>\n<a href=\"http:\/\/10.10.64.2:3000\/data\/DAZ-WiSe-16_17-2.pdf\">DAZ 2 WiSe 16\/17<\/a><br \/>\n<a href=\"https:\/\/dorfgoe.de\/wp-content\/uploads\/2013\/02\/Daz-1-SoSe17.pdf\">DAZ 1 SoSe 17<\/a><br \/>\n<a href=\"https:\/\/dorfgoe.de\/wp-content\/uploads\/2013\/02\/Dorfanzeiger2SoSe17.pdf\">DAZ 2 SoSe 17<\/a><br \/>\n<a href=\"https:\/\/dorfgoe.de\/wp-content\/uploads\/2013\/02\/DAZ-3-SoSe-17.pdf\">DAZ 3 SoSe 17<\/a><br \/>\n<a href=\"https:\/\/dorfgoe.de\/wp-content\/uploads\/2017\/10\/finalDAZ1-WiSe1718.pdf\">DAZ 1 WiSe 17\/18<\/a><br \/>\n<a href=\"https:\/\/dorfgoe.de\/wp-content\/uploads\/2018\/01\/WiSe1718_DAZ3.pdf\">DAZ 3 WiSe 17\/18<\/a><br \/>\n<a href=\"https:\/\/dorfgoe.de\/wp-content\/uploads\/2018\/11\/DAZ_2_WiSe18-19_Deckblatt.pdf\">DAZ 2 WiSe 18\/19<\/a><br \/>\n<a href=\"https:\/\/dorfgoe.de\/wp-content\/uploads\/2019\/06\/DAZ_2_SoSe19_ohne_Umschlag.pdf\">DAZ 2 SoSe 19<\/a><br \/>\n<a href=\"https:\/\/dorfgoe.de\/wp-content\/uploads\/2020\/06\/DAZ_1_SoSe20_Gesamt.pdf\">DAZ 1 SoSe 20<\/a><br \/>\n<a href=\"http:\/\/10.10.79.45\/wp-content\/uploads\/2021\/05\/DAZ_SoSe21_A4.komplett-pdf.pdf\">DAZ 1 SoSe 21<\/a><br \/>\n<a href=\"https:\/\/dorfgoe.de\/wp-content\/uploads\/2022\/06\/DAZ_SoSe21_nr2_compressed.pdf\">DAZ 2 SoSe 21<\/a><\/p>","protected":false},"excerpt":{"rendered":"<p>Wir haben im Studentendorf eine eigene Zeitschrift, der Dorfanzeiger (DAZ). Der Dorfanzeiger wird von Mitgliedern der Selbstverwaltung erstellt und im Dorf kostenlos zur Verf\u00fcgung gestellt. Hier werdet ihr \u00fcber alle Neuigkeiten aus dem Dorf auf dem laufenden gehalten, es gibt kleine R\u00e4tsel und andere nette Kleinigkeiten, wie man sie von einer Zeitschrift erwartet. Aus datenschutzrechtlichen [&hellip;]<\/p>","protected":false},"author":5,"featured_media":0,"parent":323,"menu_order":0,"comment_status":"closed","ping_status":"closed","template":"","meta":{"footnotes":"","_links_to":"","_links_to_target":""},"class_list":["post-97","page","type-page","status-publish","hentry"],"_links":{"self":[{"href":"https:\/\/dorfgoe.de\/en\/wp-json\/wp\/v2\/pages\/97","targetHints":{"allow":["GET"]}}],"collection":[{"href":"https:\/\/dorfgoe.de\/en\/wp-json\/wp\/v2\/pages"}],"about":[{"href":"https:\/\/dorfgoe.de\/en\/wp-json\/wp\/v2\/types\/page"}],"author":[{"embeddable":true,"href":"https:\/\/dorfgoe.de\/en\/wp-json\/wp\/v2\/users\/5"}],"replies":[{"embeddable":true,"href":"https:\/\/dorfgoe.de\/en\/wp-json\/wp\/v2\/comments?post=97"}],"version-history":[{"count":63,"href":"https:\/\/dorfgoe.de\/en\/wp-json\/wp\/v2\/pages\/97\/revisions"}],"predecessor-version":[{"id":3003,"href":"https:\/\/dorfgoe.de\/en\/wp-json\/wp\/v2\/pages\/97\/revisions\/3003"}],"up":[{"embeddable":true,"href":"https:\/\/dorfgoe.de\/en\/wp-json\/wp\/v2\/pages\/323"}],"wp:attachment":[{"href":"https:\/\/dorfgoe.de\/en\/wp-json\/wp\/v2\/media?parent=97"}],"curies":[{"name":"wp","href":"https:\/\/api.w.org\/{rel}","templated":true}]}}